{"id":442,"date":"2024-07-11T09:30:28","date_gmt":"2024-07-11T06:30:28","guid":{"rendered":"https:\/\/ikincielcekmekaravan.mustispot.com\/urun\/?post_type=product&#038;p=442"},"modified":"2024-07-11T09:30:28","modified_gmt":"2024-07-11T06:30:28","slug":"karavan-su-deposu-5-ay-kullanildi-saglam-urun-kaliteli-delinmez-su-deposu","status":"publish","type":"product","link":"https:\/\/ikincielcekmekaravan.mustispot.com\/urun\/urun\/karavan-su-deposu-5-ay-kullanildi-saglam-urun-kaliteli-delinmez-su-deposu\/","title":{"rendered":"Karavan su deposu 5 ay kullan\u0131ld\u0131 sa\u011flam \u00fcr\u00fcn kaliteli delinmez su deposu"},"content":{"rendered":"<p><img loading=\"lazy\" decoding=\"async\" class=\"aligncenter size-full wp-image-443\" src=\"https:\/\/ikincielcekmekaravan.mustispot.com\/urun\/wp-content\/uploads\/2024\/07\/Karavan-su-deposu-2.png\" alt=\"\" width=\"1055\" height=\"633\" title=\"\" srcset=\"https:\/\/ikincielcekmekaravan.mustispot.com\/urun\/wp-content\/uploads\/2024\/07\/Karavan-su-deposu-2.png 1055w, https:\/\/ikincielcekmekaravan.mustispot.com\/urun\/wp-content\/uploads\/2024\/07\/Karavan-su-deposu-2-300x180.png 300w, https:\/\/ikincielcekmekaravan.mustispot.com\/urun\/wp-content\/uploads\/2024\/07\/Karavan-su-deposu-2-1024x614.png 1024w, https:\/\/ikincielcekmekaravan.mustispot.com\/urun\/wp-content\/uploads\/2024\/07\/Karavan-su-deposu-2-768x461.png 768w, https:\/\/ikincielcekmekaravan.mustispot.com\/urun\/wp-content\/uploads\/2024\/07\/Karavan-su-deposu-2-600x360.png 600w\" sizes=\"auto, (max-width: 1055px) 100vw, 1055px\" \/> <img loading=\"lazy\" decoding=\"async\" class=\"aligncenter size-full wp-image-444\" src=\"https:\/\/ikincielcekmekaravan.mustispot.com\/urun\/wp-content\/uploads\/2024\/07\/Karavan-su-deposu-3.png\" alt=\"\" width=\"921\" height=\"598\" title=\"\" srcset=\"https:\/\/ikincielcekmekaravan.mustispot.com\/urun\/wp-content\/uploads\/2024\/07\/Karavan-su-deposu-3.png 921w, https:\/\/ikincielcekmekaravan.mustispot.com\/urun\/wp-content\/uploads\/2024\/07\/Karavan-su-deposu-3-300x195.png 300w, https:\/\/ikincielcekmekaravan.mustispot.com\/urun\/wp-content\/uploads\/2024\/07\/Karavan-su-deposu-3-768x499.png 768w, https:\/\/ikincielcekmekaravan.mustispot.com\/urun\/wp-content\/uploads\/2024\/07\/Karavan-su-deposu-3-600x390.png 600w\" sizes=\"auto, (max-width: 921px) 100vw, 921px\" \/> <img loading=\"lazy\" decoding=\"async\" class=\"aligncenter size-full wp-image-445\" src=\"https:\/\/ikincielcekmekaravan.mustispot.com\/urun\/wp-content\/uploads\/2024\/07\/Karavan-su-deposu-1.png\" alt=\"\" width=\"795\" height=\"631\" title=\"\" srcset=\"https:\/\/ikincielcekmekaravan.mustispot.com\/urun\/wp-content\/uploads\/2024\/07\/Karavan-su-deposu-1.png 795w, https:\/\/ikincielcekmekaravan.mustispot.com\/urun\/wp-content\/uploads\/2024\/07\/Karavan-su-deposu-1-300x238.png 300w, https:\/\/ikincielcekmekaravan.mustispot.com\/urun\/wp-content\/uploads\/2024\/07\/Karavan-su-deposu-1-768x610.png 768w, https:\/\/ikincielcekmekaravan.mustispot.com\/urun\/wp-content\/uploads\/2024\/07\/Karavan-su-deposu-1-600x476.png 600w\" sizes=\"auto, (max-width: 795px) 100vw, 795px\" \/><\/p>\n","protected":false},"excerpt":{"rendered":"<p><strong>Karavan su deposu Karavan malzemeleri \u00f6zellikle el de\u011fmemi\u015f<\/strong> 2 tonluk su deposu fiyat\u0131 ne kadar?<br \/>\nKaravan su deposu ka\u00e7 litre olmal\u0131? En ucuz karavan su deposu fiyatlar\u0131 61 farkl\u0131 se\u00e7enekle<br \/>\nKaravan at\u0131k su deposu nereye bo\u015falt\u0131l\u0131r? Su Deposu modelleri ile arad\u0131\u011f\u0131n yeni sezon \u00fcr\u00fcnleri sevdi\u011fin markalarla alanlar\u0131 ke\u015ffetmeyi sevenlerin \u0130kinci El F\u0131rsatlar Bu \u00dcr\u00fcnler Yaln\u0131zca \u0130kinci Elde Bro\u015f\u00fcrler &amp; Kataloglar<\/p>\n","protected":false},"featured_media":445,"template":"","meta":[],"product_brand":[],"product_cat":[15],"product_tag":[],"class_list":{"0":"post-442","1":"product","2":"type-product","3":"status-publish","4":"has-post-thumbnail","6":"product_cat-ikinci-el-karavan-malzemeleri","8":"first","9":"instock","10":"sale","11":"shipping-taxable","12":"purchasable","13":"product-type-simple"},"_links":{"self":[{"href":"https:\/\/ikincielcekmekaravan.mustispot.com\/urun\/wp-json\/wp\/v2\/product\/442","targetHints":{"allow":["GET"]}}],"collection":[{"href":"https:\/\/ikincielcekmekaravan.mustispot.com\/urun\/wp-json\/wp\/v2\/product"}],"about":[{"href":"https:\/\/ikincielcekmekaravan.mustispot.com\/urun\/wp-json\/wp\/v2\/types\/product"}],"wp:featuredmedia":[{"embeddable":true,"href":"https:\/\/ikincielcekmekaravan.mustispot.com\/urun\/wp-json\/wp\/v2\/media\/445"}],"wp:attachment":[{"href":"https:\/\/ikincielcekmekaravan.mustispot.com\/urun\/wp-json\/wp\/v2\/media?parent=442"}],"wp:term":[{"taxonomy":"product_brand","embeddable":true,"href":"https:\/\/ikincielcekmekaravan.mustispot.com\/urun\/wp-json\/wp\/v2\/product_brand?post=442"},{"taxonomy":"product_cat","embeddable":true,"href":"https:\/\/ikincielcekmekaravan.mustispot.com\/urun\/wp-json\/wp\/v2\/product_cat?post=442"},{"taxonomy":"product_tag","embeddable":true,"href":"https:\/\/ikincielcekmekaravan.mustispot.com\/urun\/wp-json\/wp\/v2\/product_tag?post=442"}],"curies":[{"name":"wp","href":"https:\/\/api.w.org\/{rel}","templated":true}]}}